{"id":2688,"date":"2025-08-11T06:09:40","date_gmt":"2025-08-11T06:09:40","guid":{"rendered":"https:\/\/mytezt.com\/terms-of-purchase\/"},"modified":"2026-01-16T10:39:12","modified_gmt":"2026-01-16T10:39:12","slug":"sartlar-ve-kosullar","status":"publish","type":"page","link":"https:\/\/mytezt.com\/tr\/sartlar-ve-kosullar\/","title":{"rendered":"\u015eartlar ve ko\u015fullar"},"content":{"rendered":"\t\t<div data-elementor-type=\"wp-page\" data-elementor-id=\"2688\" class=\"elementor elementor-2688 elementor-1063\">\n\t\t\t\t<div class=\"elementor-element elementor-element-4e9686f banner e-flex e-con-boxed e-con e-parent\" data-id=\"4e9686f\" data-element_type=\"container\" data-e-type=\"container\" data-settings=\"{&quot;background_background&quot;:&quot;classic&quot;}\">\n\t\t\t\t\t<div class=\"e-con-inner\">\n\t\t<div class=\"elementor-element elementor-element-f50f31e e-con-full e-flex e-con e-child\" data-id=\"f50f31e\" data-element_type=\"container\" data-e-type=\"container\">\n\t\t\t\t<div class=\"elementor-element elementor-element-c1f372f elementor-widget elementor-widget-heading\" data-id=\"c1f372f\" data-element_type=\"widget\" data-e-type=\"widget\" data-widget_type=\"heading.default\">\n\t\t\t\t\t<h2 class=\"elementor-heading-title elementor-size-default\"><span style=\"font-family: 'Kugile\">\u015eartlar ve ko\u015fullar<\/span><\/h2>\t\t\t\t<\/div>\n\t\t\t\t<\/div>\n\t\t<div class=\"elementor-element elementor-element-c764c3c e-con-full e-flex e-con e-child\" data-id=\"c764c3c\" data-element_type=\"container\" data-e-type=\"container\">\n\t\t\t\t<\/div>\n\t\t\t\t\t<\/div>\n\t\t\t\t<\/div>\n\t\t<div class=\"elementor-element elementor-element-97a2e29 e-flex e-con-boxed e-con e-parent\" data-id=\"97a2e29\" data-element_type=\"container\" data-e-type=\"container\">\n\t\t\t\t\t<div class=\"e-con-inner\">\n\t\t\t\t<div class=\"elementor-element elementor-element-b4460e8 elementor-widget elementor-widget-heading\" data-id=\"b4460e8\" data-element_type=\"widget\" data-e-type=\"widget\" data-widget_type=\"heading.default\">\n\t\t\t\t\t<h2 class=\"elementor-heading-title elementor-size-default\">\u00d6deme \u015eartlar\u0131<\/h2>\t\t\t\t<\/div>\n\t\t\t\t<div class=\"elementor-element elementor-element-7fb37ee elementor-widget elementor-widget-text-editor\" data-id=\"7fb37ee\" data-element_type=\"widget\" data-e-type=\"widget\" data-widget_type=\"text-editor.default\">\n\t\t\t\t\t\t\t\t\t<p>PayPal gibi \u00e7evrimi\u00e7i \u00f6deme sa\u011flay\u0131c\u0131lar\u0131yla \u00e7al\u0131\u015farak, bireylerin ve i\u015fletmelerin g\u00fcvenli ve kolay bir \u015fekilde al\u0131\u015fveri\u015f yapmalar\u0131n\u0131 sa\u011fl\u0131yoruz. \u00d6deme tutar\u0131, sipari\u015f depomuzdan g\u00f6nderildikten sonra tahsil edilir.<\/p>\t\t\t\t\t\t\t\t<\/div>\n\t\t\t\t\t<\/div>\n\t\t\t\t<\/div>\n\t\t<div class=\"elementor-element elementor-element-a2312c3 e-flex e-con-boxed e-con e-parent\" data-id=\"a2312c3\" data-element_type=\"container\" data-e-type=\"container\">\n\t\t\t\t\t<div class=\"e-con-inner\">\n\t\t\t\t<div class=\"elementor-element elementor-element-24e2bb5 elementor-widget elementor-widget-heading\" data-id=\"24e2bb5\" data-element_type=\"widget\" data-e-type=\"widget\" data-widget_type=\"heading.default\">\n\t\t\t\t\t<h2 class=\"elementor-heading-title elementor-size-default\">Nakliye Ko\u015fullar\u0131<\/h2>\t\t\t\t<\/div>\n\t\t\t\t<div class=\"elementor-element elementor-element-6d8005d elementor-widget elementor-widget-text-editor\" data-id=\"6d8005d\" data-element_type=\"widget\" data-e-type=\"widget\" data-widget_type=\"text-editor.default\">\n\t\t\t\t\t\t\t\t\t<p>Zazwyczaj, Deutsche Post ile ayn\u0131 DPD firmas\u0131 taraf\u0131ndan sat\u0131n al\u0131nan bir roboczego ile ayn\u0131 \u015feyi yapt\u0131. Zam\u00f3wienia, her g\u00fcn ayn\u0131 g\u00fcn 14:00&#8217;te bir kez daha arand\u0131. Naszym, ba\u015fka m\u00fc\u015fterilerle birlikte yeni \u00fcr\u00fcnler ve al\u0131\u015fveri\u015fler yaparak, yeni bir \u015fey yapmay\u0131 d\u00fc\u015f\u00fcn\u00fcyor.<\/p><p><strong>Dostawa, s\u0131k\u0131 bir DPD&#8217;ye sahip oldu.<\/strong><\/p><p>Dzi\u0119ki DPD, a\u015fa\u011f\u0131daki i\u015flemleri ger\u00e7ekle\u015ftiriyor:<\/p><ul><li>Dostawa do domu (czas dostawy 3\u20134 dni robocze)<\/li><li>Odbi\u00f3r w punkcie odbioru (czas dostawy 3\u20134 g\u00fcn robocze)<\/li><\/ul><p><strong>Deutsche Post&#8217;un Dostawa&#8217;s\u0131<\/strong><br \/>UPS ekspres kargo ile teslimat s\u00fcresi 2-4 i\u015f g\u00fcn\u00fcd\u00fcr. Paketiniz, \u00f6deme s\u0131ras\u0131nda belirtti\u011finiz adrese teslim edilecektir. Bu, UPS taraf\u0131ndan sunulan premium ekspres teslimat hizmetidir.<\/p><p><strong>Testleriniz gizli bir \u015fekilde mi g\u00f6nderiliyor? Paketin i\u00e7inde h\u0131zl\u0131 testler oldu\u011funu kimse anlayabilir mi?<\/strong><br \/>Evet, t\u00fcm h\u0131zl\u0131 testlerimiz %100 gizli bir \u015fekilde g\u00f6nderilmektedir. Ambalajda, i\u00e7eri\u011fi ortaya \u00e7\u0131karacak hi\u00e7bir logo veya i\u015faret bulunmamaktad\u0131r &#8211; ne bizim taraf\u0131m\u0131zdan ne de herhangi bir \u00fcretici taraf\u0131ndan.<br \/>Paket \u00fczerinde g\u00f6sterilen g\u00f6nderici:<br \/>Camerix AB<br \/>Bu nedenle, paketin i\u00e7inde h\u0131zl\u0131 testler oldu\u011funu anlamak m\u00fcmk\u00fcn de\u011fildir.<br \/>Gizlilik, m\u00fc\u015fterilerimizin \u00e7o\u011fu i\u00e7in \u00f6nemlidir ve bunun her zaman sa\u011fland\u0131\u011f\u0131ndan emin olmak i\u00e7in b\u00fcy\u00fck \u00f6zen g\u00f6steriyoruz.<\/p><p><strong>\u0130ade Politikas\u0131<\/strong><br \/>Kullan\u0131lmam\u0131\u015f \u00fcr\u00fcnler 14 g\u00fcn i\u00e7inde iade edilebilir. Sat\u0131n al\u0131m\u0131n\u0131zdan vazge\u00e7mek isterseniz, \u00fcr\u00fcnleri a\u015fa\u011f\u0131daki iade adresine g\u00f6nderin. \u0130ade kargo masraflar\u0131 m\u00fc\u015fteriye aittir. \u0130adeler do\u011frudan iade adresinin posta kutusuna g\u00f6nderilmelidir &#8211; kargo dolab\u0131na veya teslim alma noktas\u0131na de\u011fil. L\u00fctfen paketi sipari\u015f numaran\u0131zla i\u015faretleyin (\u00f6rne\u011fin, paketin arkas\u0131na). Sipari\u015f numaran\u0131z, \u00f6deme s\u0131ras\u0131nda verdi\u011finiz e-posta adresine g\u00f6nderilen onay e-postas\u0131nda bulunur.<\/p>\t\t\t\t\t\t\t\t<\/div>\n\t\t\t\t\t<\/div>\n\t\t\t\t<\/div>\n\t\t<div class=\"elementor-element elementor-element-a6e611d e-flex e-con-boxed e-con e-parent\" data-id=\"a6e611d\" data-element_type=\"container\" data-e-type=\"container\">\n\t\t\t\t\t<div class=\"e-con-inner\">\n\t\t\t\t<div class=\"elementor-element elementor-element-2c91dce elementor-widget elementor-widget-heading\" data-id=\"2c91dce\" data-element_type=\"widget\" data-e-type=\"widget\" data-widget_type=\"heading.default\">\n\t\t\t\t\t<h2 class=\"elementor-heading-title elementor-size-default\">\u0130ade adresi:<\/h2>\t\t\t\t<\/div>\n\t\t\t\t<div class=\"elementor-element elementor-element-309c5b7 elementor-widget elementor-widget-text-editor\" data-id=\"309c5b7\" data-element_type=\"widget\" data-e-type=\"widget\" data-widget_type=\"text-editor.default\">\n\t\t\t\t\t\t\t\t\t<p>Camerix AB<br \/>C\/O Logistikcenter Simrishamn AB<br \/>Fabriksgatan 7<br \/>27236 Simrishamn<br \/>Sweden<\/p>\t\t\t\t\t\t\t\t<\/div>\n\t\t\t\t\t<\/div>\n\t\t\t\t<\/div>\n\t\t<div class=\"elementor-element elementor-element-566475d e-flex e-con-boxed e-con e-parent\" data-id=\"566475d\" data-element_type=\"container\" data-e-type=\"container\">\n\t\t\t\t\t<div class=\"e-con-inner\">\n\t\t\t\t<div class=\"elementor-element elementor-element-79f25cb elementor-widget elementor-widget-heading\" data-id=\"79f25cb\" data-element_type=\"widget\" data-e-type=\"widget\" data-widget_type=\"heading.default\">\n\t\t\t\t\t<h2 class=\"elementor-heading-title elementor-size-default\">\u015eikayetler<\/h2>\t\t\t\t<\/div>\n\t\t\t\t<div class=\"elementor-element elementor-element-c5263fd elementor-widget elementor-widget-text-editor\" data-id=\"c5263fd\" data-element_type=\"widget\" data-e-type=\"widget\" data-widget_type=\"text-editor.default\">\n\t\t\t\t\t\t\t\t\t<p>\u00dcr\u00fcn teslimat an\u0131nda kusurluysa \u015fikayette bulunabilirsiniz. L\u00fctfen kusurun foto\u011fraf\u0131n\u0131 ve a\u00e7\u0131klamas\u0131n\u0131 bize g\u00f6nderin. Sadece teslimat an\u0131nda mevcut olan \u00fcretim hatalar\u0131ndan sorumluyuz. \u00dcr\u00fcn ar\u0131zal\u0131ysa, size \u00fccretsiz olarak yeni bir \u00fcr\u00fcn g\u00f6nderece\u011fiz. \u00dcr\u00fcn\u00fc teslim ald\u0131ktan sonra sorular\u0131n\u0131z olursa, <a href=\"mailto:order@mytezt.com\">order@mytezt.com<\/a> adresinden bizimle ileti\u015fime ge\u00e7in. \u00dcr\u00fcn ama\u00e7land\u0131\u011f\u0131 gibi \u00e7al\u0131\u015fm\u0131yorsa, sorunu ayr\u0131nt\u0131l\u0131 olarak a\u00e7\u0131klay\u0131n ve sipari\u015f numaran\u0131z\u0131 ekleyin. \u015eikayet hakk\u0131 3 y\u0131l s\u00fcreyle ge\u00e7erlidir.<\/p>\t\t\t\t\t\t\t\t<\/div>\n\t\t\t\t\t<\/div>\n\t\t\t\t<\/div>\n\t\t<div class=\"elementor-element elementor-element-9ba2f78 e-flex e-con-boxed e-con e-parent\" data-id=\"9ba2f78\" data-element_type=\"container\" data-e-type=\"container\">\n\t\t\t\t\t<div class=\"e-con-inner\">\n\t\t\t\t<div class=\"elementor-element elementor-element-79d16f2 elementor-widget elementor-widget-heading\" data-id=\"79d16f2\" data-element_type=\"widget\" data-e-type=\"widget\" data-widget_type=\"heading.default\">\n\t\t\t\t\t<h2 class=\"elementor-heading-title elementor-size-default\">Ki\u015fisel Veriler<\/h2>\t\t\t\t<\/div>\n\t\t\t\t<div class=\"elementor-element elementor-element-1c9fa5f elementor-widget elementor-widget-text-editor\" data-id=\"1c9fa5f\" data-element_type=\"widget\" data-e-type=\"widget\" data-widget_type=\"text-editor.default\">\n\t\t\t\t\t\t\t\t\t<p>Bizden sipari\u015f vererek, s\u00f6zle\u015fme y\u00fck\u00fcml\u00fcl\u00fcklerimizi yerine getirmek ve m\u00fcmk\u00fcn olan en iyi hizmeti sunmak i\u00e7in ki\u015fisel bilgilerinizin taraf\u0131m\u0131zca saklanmas\u0131na ve kullan\u0131lmas\u0131na onay vermi\u015f olursunuz. Bilgilerinizi \u00fcr\u00fcnleri teslim etmek, gerekti\u011finde sizinle ileti\u015fime ge\u00e7mek ve e-posta ve SMS yoluyla \u00fcr\u00fcn veya teklif g\u00fcncellemeleri g\u00f6ndermek i\u00e7in kullan\u0131yoruz. Ki\u015fisel verilerinize eri\u015fim veya silme talebinde bulunmak i\u00e7in istedi\u011finiz zaman bizimle ileti\u015fime ge\u00e7ebilirsiniz.<\/p>\t\t\t\t\t\t\t\t<\/div>\n\t\t\t\t\t<\/div>\n\t\t\t\t<\/div>\n\t\t<div class=\"elementor-element elementor-element-e8f23cd e-flex e-con-boxed e-con e-parent\" data-id=\"e8f23cd\" data-element_type=\"container\" data-e-type=\"container\">\n\t\t\t\t\t<div class=\"e-con-inner\">\n\t\t\t\t<div class=\"elementor-element elementor-element-0101b84 elementor-widget elementor-widget-heading\" data-id=\"0101b84\" data-element_type=\"widget\" data-e-type=\"widget\" data-widget_type=\"heading.default\">\n\t\t\t\t\t<h2 class=\"elementor-heading-title elementor-size-default\">Firma Ad\u0131:<\/h2>\t\t\t\t<\/div>\n\t\t\t\t<div class=\"elementor-element elementor-element-68d9d30 elementor-widget elementor-widget-text-editor\" data-id=\"68d9d30\" data-element_type=\"widget\" data-e-type=\"widget\" data-widget_type=\"text-editor.default\">\n\t\t\t\t\t\t\t\t\t<p>\u015eirket ad\u0131: Camerix AB<br \/>\u015eirket kay\u0131t numaras\u0131: 559136-6793<br \/>Adres: Vikingagatan 23<br \/>E-posta: order@mytezt.com<\/p>\t\t\t\t\t\t\t\t<\/div>\n\t\t\t\t\t<\/div>\n\t\t\t\t<\/div>\n\t\t\t\t<\/div>\n\t\t","protected":false},"excerpt":{"rendered":"<p>\u015eartlar ve ko\u015fullar \u00d6deme \u015eartlar\u0131 PayPal gibi \u00e7evrimi\u00e7i \u00f6deme sa\u011flay\u0131c\u0131lar\u0131yla \u00e7al\u0131\u015farak, bireylerin ve i\u015fletmelerin g\u00fcvenli ve kolay bir \u015fekilde al\u0131\u015fveri\u015f [&hellip;]<\/p>\n","protected":false},"author":1,"featured_media":0,"parent":0,"menu_order":0,"comment_status":"closed","ping_status":"closed","template":"","meta":{"_acf_changed":false,"site-sidebar-layout":"no-sidebar","site-content-layout":"","ast-site-content-layout":"full-width-container","site-content-style":"default","site-sidebar-style":"default","ast-global-header-display":"","ast-banner-title-visibility":"","ast-main-header-display":"","ast-hfb-above-header-display":"","ast-hfb-below-header-display":"","ast-hfb-mobile-header-display":"","site-post-title":"disabled","ast-breadcrumbs-content":"","ast-featured-img":"disabled","footer-sml-layout":"","ast-disable-related-posts":"","theme-transparent-header-meta":"default","adv-header-id-meta":"","stick-header-meta":"","header-above-stick-meta":"","header-main-stick-meta":"","header-below-stick-meta":"","astra-migrate-meta-layouts":"set","ast-page-background-enabled":"default","ast-page-background-meta":{"desktop":{"background-color":"var(--ast-global-color-5)","background-image":"","background-repeat":"repeat","background-position":"center center","background-size":"auto","background-attachment":"scroll","background-type":"","background-media":"","overlay-type":"","overlay-color":"","overlay-opacity":"","overlay-gradient":""},"tablet":{"background-color":"","background-image":"","background-repeat":"repeat","background-position":"center center","background-size":"auto","background-attachment":"scroll","background-type":"","background-media":"","overlay-type":"","overlay-color":"","overlay-opacity":"","overlay-gradient":""},"mobile":{"background-color":"","background-image":"","background-repeat":"repeat","background-position":"center center","background-size":"auto","background-attachment":"scroll","background-type":"","background-media":"","overlay-type":"","overlay-color":"","overlay-opacity":"","overlay-gradient":""}},"ast-content-background-meta":{"desktop":{"background-color":"var(--ast-global-color-4)","background-image":"","background-repeat":"repeat","background-position":"center center","background-size":"auto","background-attachment":"scroll","background-type":"","background-media":"","overlay-type":"","overlay-color":"","overlay-opacity":"","overlay-gradient":""},"tablet":{"background-color":"var(--ast-global-color-4)","background-image":"","background-repeat":"repeat","background-position":"center center","background-size":"auto","background-attachment":"scroll","background-type":"","background-media":"","overlay-type":"","overlay-color":"","overlay-opacity":"","overlay-gradient":""},"mobile":{"background-color":"var(--ast-global-color-4)","background-image":"","background-repeat":"repeat","background-position":"center center","background-size":"auto","background-attachment":"scroll","background-type":"","background-media":"","overlay-type":"","overlay-color":"","overlay-opacity":"","overlay-gradient":""}},"footnotes":""},"class_list":["post-2688","page","type-page","status-publish","hentry"],"acf":[],"_links":{"self":[{"href":"https:\/\/mytezt.com\/tr\/wp-json\/wp\/v2\/pages\/2688","targetHints":{"allow":["GET"]}}],"collection":[{"href":"https:\/\/mytezt.com\/tr\/wp-json\/wp\/v2\/pages"}],"about":[{"href":"https:\/\/mytezt.com\/tr\/wp-json\/wp\/v2\/types\/page"}],"author":[{"embeddable":true,"href":"https:\/\/mytezt.com\/tr\/wp-json\/wp\/v2\/users\/1"}],"replies":[{"embeddable":true,"href":"https:\/\/mytezt.com\/tr\/wp-json\/wp\/v2\/comments?post=2688"}],"version-history":[{"count":0,"href":"https:\/\/mytezt.com\/tr\/wp-json\/wp\/v2\/pages\/2688\/revisions"}],"wp:attachment":[{"href":"https:\/\/mytezt.com\/tr\/wp-json\/wp\/v2\/media?parent=2688"}],"curies":[{"name":"wp","href":"https:\/\/api.w.org\/{rel}","templated":true}]}}