{"id":4107,"date":"2025-08-29T12:17:21","date_gmt":"2025-08-29T12:17:21","guid":{"rendered":"https:\/\/mytezt.com\/product\/syphilis-test\/"},"modified":"2025-12-02T07:08:36","modified_gmt":"2025-12-02T07:08:36","slug":"syfilistest","status":"publish","type":"product","link":"https:\/\/mytezt.com\/sv\/produkt\/syfilistest\/","title":{"rendered":"Syfilistest"},"content":{"rendered":"<p class=\"tws-article-description--article-number\">Art.nr:\u00a0111003<\/p>\n<div class=\"tws-article-description--text-container tws-article-description--show-full-description\">\n<div class=\"tws-article-description--text\">\n<h3><strong>Syfilis snabbtest<br \/>\n<\/strong><\/h3>\n<p>Syfilis \u00e4r en vanlig k\u00f6nssjukdom i Sverige som var p\u00e5 v\u00e4g att f\u00f6rsvinna men har nu kommit tillbaka kraftigt. Testet anv\u00e4nder tv\u00e5 antikroppar som \u00e4r specifika f\u00f6r syfilis (Treponema Pallidium) som f\u00f6rkortas TP. Testet m\u00e4ter TP halten i blodet direkt gonom att man sticker ett litet h\u00e5l i fingret d\u00e4r en liten m\u00e4ngd blod f\u00e5ngas upp. Blodet appliceras d\u00e4refter p\u00e5 en testkasett med ett mebran inneh\u00e5llande tv\u00e5 antikroppar som binder in till syfilis antigenet (TP) om det finns i blodet. Specificitet: 99,7%. Sensitivitet: 99,9%. Noggrannhet 99,8%. Denna produkt \u00e4r CE m\u00e4rkt f\u00f6r anv\u00e4ndning professionellt av v\u00e5rdpersonal. Den \u00e4r inte avsedd eller testad f\u00f6r hemmabruk.<\/p>\n<p><strong>Anv\u00e4ndarinstruktioner\u00a0<\/strong><\/p>\n<ol>\n<li>Reng\u00f6r fingret<\/li>\n<li>Punktera fingret med lansett.<\/li>\n<li>Sug upp 2-3 droppar blod med pipetten.<\/li>\n<li>Droppa 2 droppar blod i testkassettens brunn (S).<\/li>\n<li>Droppa d\u00e4refter 1 droppe buffert.<\/li>\n<li>V\u00e4nta 5 minuter f\u00f6r att avl\u00e4sa resultatet.<\/li>\n<\/ol>\n<p><img fetchpriority=\"high\" decoding=\"async\" src=\"https:\/\/admin.abicart.se\/shop\/ws1\/110001\/files\/SVE%20abi\/PSA%20procedur.PNG?_t=1616244591\" width=\"578\" height=\"163\" \/><\/p>\n<p><strong>Resultat<\/strong><br \/>\n<img decoding=\"async\" src=\"https:\/\/admin.abicart.se\/shop\/ws1\/110001\/files\/SVE%20abi\/Test%20resultat.PNG\" alt=\"Beskrivning\" width=\"287\" height=\"201\" \/><\/p>\n<p><strong>Positivt<\/strong>: Tv\u00e5 f\u00e4rjade (rosa-lila) linjer visas b\u00e5de i kontrollomr\u00e5det och testomr\u00e5det.<br \/>\n<strong>Negativt<\/strong>: Endast en f\u00e4rjad (rosa-lila) linje visas i kontrollomr\u00e5det.<br \/>\n<strong>Ogiltigt<\/strong>: Om det inte finns n\u00e5got tydligt rosa-lila f\u00e4rgband synligt b\u00e5de i omr\u00e5det TEST och CONTROL \u00e4r testet ogiltigt. Det rekommenderas att testet i detta fall upprepas.<\/p>\n<p><strong>F\u00f6rvaring<\/strong><br \/>\nF\u00f6rvara testet i den slutna f\u00f6rpackningen antingen vid rumstemperatur eller kyld (2-30 \u00b0 C). Testkassetten \u00e4r stabil t.o.m. utg\u00e5ngsdatum som anges p\u00e5 f\u00f6rpackningen. Provanordningen skall f\u00f6rbli i den f\u00f6rseglade p\u00e5sen fram till anv\u00e4ndning. F\u00e5r ej frysas.<\/p>\n<p><strong>Anm\u00e4lningsplikt<\/strong><br \/>\nSyfilis \u00e4r en av de k\u00f6nssjukdomar som \u00e4r anm\u00e4lningspliktig enligt Smittskyddslagen. L\u00e4s mer under <a href=\"https:\/\/dinatester.se\/kundservice-1\/fragor-svar-1\/\">fr\u00e5gor och svar<\/a>.<\/p>\n<\/div>\n<\/div>\n","protected":false},"excerpt":{"rendered":"<p>Syfilistest f\u00f6r m\u00e4n och kvinnor<br \/>\n&#8211; Snabbtest<br \/>\n&#8211; Svar inom 10 minuter<br \/>\n&#8211; H\u00f6g klinisk noggrannhet<\/p>\n","protected":false},"featured_media":5868,"comment_status":"open","ping_status":"closed","template":"","meta":{"_acf_changed":false,"site-sidebar-layout":"default","site-content-layout":"","ast-site-content-layout":"default","site-content-style":"default","site-sidebar-style":"default","ast-global-header-display":"","ast-banner-title-visibility":"","ast-main-header-display":"","ast-hfb-above-header-display":"","ast-hfb-below-header-display":"","ast-hfb-mobile-header-display":"","site-post-title":"","ast-breadcrumbs-content":"","ast-featured-img":"","footer-sml-layout":"","ast-disable-related-posts":"","theme-transparent-header-meta":"default","adv-header-id-meta":"","stick-header-meta":"default","header-above-stick-meta":"","header-main-stick-meta":"","header-below-stick-meta":"","astra-migrate-meta-layouts":"set","ast-page-background-enabled":"default","ast-page-background-meta":{"desktop":{"background-color":"var(--ast-global-color-5)","background-image":"","background-repeat":"repeat","background-position":"center center","background-size":"auto","background-attachment":"scroll","background-type":"","background-media":"","overlay-type":"","overlay-color":"","overlay-opacity":"","overlay-gradient":""},"tablet":{"background-color":"","background-image":"","background-repeat":"repeat","background-position":"center center","background-size":"auto","background-attachment":"scroll","background-type":"","background-media":"","overlay-type":"","overlay-color":"","overlay-opacity":"","overlay-gradient":""},"mobile":{"background-color":"","background-image":"","background-repeat":"repeat","background-position":"center center","background-size":"auto","background-attachment":"scroll","background-type":"","background-media":"","overlay-type":"","overlay-color":"","overlay-opacity":"","overlay-gradient":""}},"ast-content-background-meta":{"desktop":{"background-color":"var(--ast-global-color-4)","background-image":"","background-repeat":"repeat","background-position":"center center","background-size":"auto","background-attachment":"scroll","background-type":"","background-media":"","overlay-type":"","overlay-color":"","overlay-opacity":"","overlay-gradient":""},"tablet":{"background-color":"var(--ast-global-color-4)","background-image":"","background-repeat":"repeat","background-position":"center center","background-size":"auto","background-attachment":"scroll","background-type":"","background-media":"","overlay-type":"","overlay-color":"","overlay-opacity":"","overlay-gradient":""},"mobile":{"background-color":"var(--ast-global-color-4)","background-image":"","background-repeat":"repeat","background-position":"center center","background-size":"auto","background-attachment":"scroll","background-type":"","background-media":"","overlay-type":"","overlay-color":"","overlay-opacity":"","overlay-gradient":""}}},"product_brand":[69],"product_cat":[359],"product_tag":[],"class_list":{"0":"post-4107","1":"product","2":"type-product","3":"status-publish","4":"has-post-thumbnail","6":"product_brand-medtest","7":"product_cat-syfilistest","8":"desktop-align-left","9":"tablet-align-left","10":"mobile-align-left","11":"ast-product-gallery-layout-horizontal-slider","12":"ast-product-tabs-layout-horizontal","14":"first","15":"instock","16":"taxable","17":"shipping-taxable","18":"purchasable","19":"product-type-simple"},"acf":[],"_links":{"self":[{"href":"https:\/\/mytezt.com\/sv\/wp-json\/wp\/v2\/product\/4107","targetHints":{"allow":["GET"]}}],"collection":[{"href":"https:\/\/mytezt.com\/sv\/wp-json\/wp\/v2\/product"}],"about":[{"href":"https:\/\/mytezt.com\/sv\/wp-json\/wp\/v2\/types\/product"}],"replies":[{"embeddable":true,"href":"https:\/\/mytezt.com\/sv\/wp-json\/wp\/v2\/comments?post=4107"}],"wp:featuredmedia":[{"embeddable":true,"href":"https:\/\/mytezt.com\/sv\/wp-json\/wp\/v2\/media\/5868"}],"wp:attachment":[{"href":"https:\/\/mytezt.com\/sv\/wp-json\/wp\/v2\/media?parent=4107"}],"wp:term":[{"taxonomy":"product_brand","embeddable":true,"href":"https:\/\/mytezt.com\/sv\/wp-json\/wp\/v2\/product_brand?post=4107"},{"taxonomy":"product_cat","embeddable":true,"href":"https:\/\/mytezt.com\/sv\/wp-json\/wp\/v2\/product_cat?post=4107"},{"taxonomy":"product_tag","embeddable":true,"href":"https:\/\/mytezt.com\/sv\/wp-json\/wp\/v2\/product_tag?post=4107"}],"curies":[{"name":"wp","href":"https:\/\/api.w.org\/{rel}","templated":true}]}}