{"id":2687,"date":"2025-08-11T06:09:40","date_gmt":"2025-08-11T06:09:40","guid":{"rendered":"https:\/\/mytezt.com\/terms-of-purchase\/"},"modified":"2026-01-14T11:26:35","modified_gmt":"2026-01-14T11:26:35","slug":"kopvillkor","status":"publish","type":"page","link":"https:\/\/mytezt.com\/sv\/kopvillkor\/","title":{"rendered":"K\u00f6pvillkor"},"content":{"rendered":"\t\t<div data-elementor-type=\"wp-page\" data-elementor-id=\"2687\" class=\"elementor elementor-2687 elementor-1063\">\n\t\t\t\t<div class=\"elementor-element elementor-element-4e9686f banner e-flex e-con-boxed e-con e-parent\" data-id=\"4e9686f\" data-element_type=\"container\" data-e-type=\"container\" data-settings=\"{&quot;background_background&quot;:&quot;classic&quot;}\">\n\t\t\t\t\t<div class=\"e-con-inner\">\n\t\t<div class=\"elementor-element elementor-element-f50f31e e-con-full e-flex e-con e-child\" data-id=\"f50f31e\" data-element_type=\"container\" data-e-type=\"container\">\n\t\t\t\t<div class=\"elementor-element elementor-element-c1f372f elementor-widget elementor-widget-heading\" data-id=\"c1f372f\" data-element_type=\"widget\" data-e-type=\"widget\" data-widget_type=\"heading.default\">\n\t\t\t\t\t<h2 class=\"elementor-heading-title elementor-size-default\"><span style=\"font-family: 'Kugile\">K\u00f6pvillkor<\/span><\/h2>\t\t\t\t<\/div>\n\t\t\t\t<\/div>\n\t\t<div class=\"elementor-element elementor-element-c764c3c e-con-full e-flex e-con e-child\" data-id=\"c764c3c\" data-element_type=\"container\" data-e-type=\"container\">\n\t\t\t\t<\/div>\n\t\t\t\t\t<\/div>\n\t\t\t\t<\/div>\n\t\t<div class=\"elementor-element elementor-element-97a2e29 e-flex e-con-boxed e-con e-parent\" data-id=\"97a2e29\" data-element_type=\"container\" data-e-type=\"container\">\n\t\t\t\t\t<div class=\"e-con-inner\">\n\t\t\t\t<div class=\"elementor-element elementor-element-b4460e8 elementor-widget elementor-widget-heading\" data-id=\"b4460e8\" data-element_type=\"widget\" data-e-type=\"widget\" data-widget_type=\"heading.default\">\n\t\t\t\t\t<h2 class=\"elementor-heading-title elementor-size-default\">Betalningsvillkor:<\/h2>\t\t\t\t<\/div>\n\t\t\t\t<div class=\"elementor-element elementor-element-7fb37ee elementor-widget elementor-widget-text-editor\" data-id=\"7fb37ee\" data-element_type=\"widget\" data-e-type=\"widget\" data-widget_type=\"text-editor.default\">\n\t\t\t\t\t\t\t\t\t<p>Vi samarbetar med betalleverant\u00f6ren\u00a0<a href=\"https:\/\/www.svea.com\/se\/sv\/start\/\">SVEA<\/a> vilket g\u00f6r att privatpersoner och f\u00f6retag kan betala med Swish, faktura, bank\u00f6verf\u00f6ring, delbetalning, betalkort eller kreditkort. Betalningen \u00e4r s\u00e4ker, och du kan enkelt v\u00e4lja vilket betals\u00e4tt du vill anv\u00e4nda.<\/p><p>&#8211; Om du har valt att betala med faktura, skickas fakturan via SVEA, till samma e-postadress som du uppgav i din best\u00e4llning.\u00a0<\/p>\t\t\t\t\t\t\t\t<\/div>\n\t\t\t\t\t<\/div>\n\t\t\t\t<\/div>\n\t\t<div class=\"elementor-element elementor-element-a2312c3 e-flex e-con-boxed e-con e-parent\" data-id=\"a2312c3\" data-element_type=\"container\" data-e-type=\"container\">\n\t\t\t\t\t<div class=\"e-con-inner\">\n\t\t\t\t<div class=\"elementor-element elementor-element-24e2bb5 elementor-widget elementor-widget-heading\" data-id=\"24e2bb5\" data-element_type=\"widget\" data-e-type=\"widget\" data-widget_type=\"heading.default\">\n\t\t\t\t\t<h2 class=\"elementor-heading-title elementor-size-default\">Leveransvillkor:<\/h2>\t\t\t\t<\/div>\n\t\t\t\t<div class=\"elementor-element elementor-element-6d8005d elementor-widget elementor-widget-text-editor\" data-id=\"6d8005d\" data-element_type=\"widget\" data-e-type=\"widget\" data-widget_type=\"text-editor.default\">\n\t\t\t\t\t\t\t\t\t<p>Vi skickar i regel din best\u00e4llning med\u00a0<a href=\"https:\/\/www.postnord.se\/\" target=\"_blank\" rel=\"noopener\">Postnord<\/a>\u00a0samma vardag som best\u00e4llningen inkommer till oss. V\u00e5rt m\u00e5l \u00e4r att alla kunder ska ha sina produkter inom 1-2 arbetsdagar fr\u00e5n och med det att best\u00e4llningsdagen. Vi f\u00f6rbeh\u00e5ller oss r\u00e4tten att f\u00f6rl\u00e4nga leveranstiden under vissa omst\u00e4ndigheter, s\u00e5 som exempelvis lagersaldo-fel, beroende p\u00e5 s\u00e4song, med anledning av en onormalt stor m\u00e4ngd best\u00e4llningar eller andra externa omst\u00e4ndigheter vilka vi inte kan r\u00e5da \u00f6ver. Vi kan inte ta ansvar f\u00f6r f\u00f6rseningar hos spedit\u00f6ren. Fri frakt r\u00e5der f\u00f6r alla ordrar \u00f6ver 400 kr.<\/p><p><strong>Leverans till brevl\u00e5da, paketbox eller utl\u00e4mningsst\u00e4lle\u00a0<\/strong><br \/>Med postnord-brev levereras paketet direkt till din brevl\u00e5da. Med detta leveransalternativ \u00e4r det\u00a0<strong>viktigt<\/strong> att personen \u00e4r folkbokf\u00f6rd p\u00e5 adressen. Anv\u00e4nd &#8221;C\/O&#8221; p\u00e5 andra raden i adressen, f\u00f6ljt av ditt namn, om n\u00e5gon annan \u00e4r folkbokf\u00f6rd p\u00e5 adressen (dennes namn ska d\u00e5 st\u00e5 \u00f6verst i adressf\u00e4ltet). Om paketet \u00e4r f\u00f6r stort f\u00f6r att f\u00e5 plats i brevl\u00e5dan kommer Postnord ist\u00e4llet meddela dig om att du kan h\u00e4mta ut paketet p\u00e5 ditt n\u00e4rmsta utl\u00e4mningsst\u00e4lle. N\u00e4r du h\u00e4mtar ut ditt paket ska du ta med dig din legitimation. Om du ska h\u00e4mta ut ett paket f\u00f6r n\u00e5gon annans r\u00e4kning beh\u00f6ver du \u00e4ven visar dennes legitimation.<\/p><p>F\u00f6r ombudsleverans och paketbox kan du ladda ner\u00a0<a href=\"https:\/\/www.postnord.se\/vara-verktyg\/postnord-app\/\" target=\"_blank\" rel=\"noopener\">postnords app<\/a> och f\u00f6lja din best\u00e4llning. I appen kan du \u00e4ven v\u00e4lja vilken paketbox du vill att ordern ska skickas till. Mer information om detta finner du p\u00e5 Postnords respektive DB Schenkers hemsida.<\/p><p><strong>Leveransalternativ<\/strong><\/p><ul><li>Postnord brev 1-3 dagar (ej sp\u00e5rbart)<\/li><li>Postnord ombud 1-2 dagar (sp\u00e5rbart, du h\u00e4mtar ut hos n\u00e4rmsta ombud)<\/li><li>Postnord paketbox 1-2 dagar (sp\u00e5rbart, du h\u00e4mtar ut p\u00e5 n\u00e4rmsta paketbox)<\/li><li>DB Schenker ombud 1-2 dagar (sp\u00e5rbart, du h\u00e4mtar ut hos n\u00e4rmsta ombud)<\/li><\/ul>\t\t\t\t\t\t\t\t<\/div>\n\t\t\t\t\t<\/div>\n\t\t\t\t<\/div>\n\t\t<div class=\"elementor-element elementor-element-a6e611d e-flex e-con-boxed e-con e-parent\" data-id=\"a6e611d\" data-element_type=\"container\" data-e-type=\"container\">\n\t\t\t\t\t<div class=\"e-con-inner\">\n\t\t\t\t<div class=\"elementor-element elementor-element-2c91dce elementor-widget elementor-widget-heading\" data-id=\"2c91dce\" data-element_type=\"widget\" data-e-type=\"widget\" data-widget_type=\"heading.default\">\n\t\t\t\t\t<h2 class=\"elementor-heading-title elementor-size-default\">Returer<\/h2>\t\t\t\t<\/div>\n\t\t\t\t<div class=\"elementor-element elementor-element-309c5b7 elementor-widget elementor-widget-text-editor\" data-id=\"309c5b7\" data-element_type=\"widget\" data-e-type=\"widget\" data-widget_type=\"text-editor.default\">\n\t\t\t\t\t\t\t\t\t<p>Om du \u00e5ngrar ett k\u00f6p och vill returnera en eller flera varor ska du skicka tillbaka dem till oss\u00a0<strong>senast 14 dagar<\/strong>\u00a0efter att du mottagit din best\u00e4llning. Detta enligt lagen om distansavtal och avtal utanf\u00f6r aff\u00e4rslokaler. Om du har handlat med fri frakt och du returnerar 100% av produkterna i din order kommer utg\u00e5ende fraktkostnad ej l\u00e4ngre vara gratis utan kommer att debiteras dig.<\/p>\t\t\t\t\t\t\t\t<\/div>\n\t\t\t\t\t<\/div>\n\t\t\t\t<\/div>\n\t\t<div class=\"elementor-element elementor-element-3a0f9da e-flex e-con-boxed e-con e-parent\" data-id=\"3a0f9da\" data-element_type=\"container\" data-e-type=\"container\">\n\t\t\t\t\t<div class=\"e-con-inner\">\n\t\t\t\t<div class=\"elementor-element elementor-element-64daa62 elementor-widget elementor-widget-heading\" data-id=\"64daa62\" data-element_type=\"widget\" data-e-type=\"widget\" data-widget_type=\"heading.default\">\n\t\t\t\t\t<h2 class=\"elementor-heading-title elementor-size-default\">S\u00e5 g\u00f6r du en retur:<\/h2>\t\t\t\t<\/div>\n\t\t\t\t<div class=\"elementor-element elementor-element-633b187 elementor-widget elementor-widget-text-editor\" data-id=\"633b187\" data-element_type=\"widget\" data-e-type=\"widget\" data-widget_type=\"text-editor.default\">\n\t\t\t\t\t\t\t\t\t<p>1. Skriv ut f\u00f6ljande\u00a0<a href=\"https:\/\/mytezt.com\/wp-content\/uploads\/2026\/01\/Return-sheet_ENG.pdf\" target=\"_blank\" rel=\"noopener\"><u>\u00e5ngerblankett<\/u><\/a><br \/>2. Fyll i \u00e5ngerblanketten noggrant, ange returorsak<br \/>3. L\u00e4gg produkt &amp; \u00e5ngerblankett i ett paket<br \/>4. Skicka paketet till oss (du bekostar portot)<\/p><p>Vi krediterar din faktura \/ \u00e5terbetalar dig via SVEA s\u00e5 snart vi har mottagit och kontrollerat returen. Detta g\u00f6rs i regel inom fem dagar fr\u00e5n och med det datum vi har mottagit din returprodukt.<\/p><p>Obs &#8211; om du inte har en skrivare till \u00e5ngerblanketten, kan du skriva ner samma information f\u00f6r hand p\u00e5 en lapp och skicka med i paketet.<\/p>\t\t\t\t\t\t\t\t<\/div>\n\t\t\t\t\t<\/div>\n\t\t\t\t<\/div>\n\t\t<div class=\"elementor-element elementor-element-627f564 e-flex e-con-boxed e-con e-parent\" data-id=\"627f564\" data-element_type=\"container\" data-e-type=\"container\">\n\t\t\t\t\t<div class=\"e-con-inner\">\n\t\t\t\t<div class=\"elementor-element elementor-element-9d077fe elementor-widget elementor-widget-heading\" data-id=\"9d077fe\" data-element_type=\"widget\" data-e-type=\"widget\" data-widget_type=\"heading.default\">\n\t\t\t\t\t<h2 class=\"elementor-heading-title elementor-size-default\">Returadress:<\/h2>\t\t\t\t<\/div>\n\t\t\t\t<div class=\"elementor-element elementor-element-192c65c elementor-widget elementor-widget-text-editor\" data-id=\"192c65c\" data-element_type=\"widget\" data-e-type=\"widget\" data-widget_type=\"text-editor.default\">\n\t\t\t\t\t\t\t\t\t<p>Logistikcenter Simrishamn AB<br \/>Fabriksgatan 7<br \/>27236 Simrishamn<br \/>Sweden<\/p>\t\t\t\t\t\t\t\t<\/div>\n\t\t\t\t\t<\/div>\n\t\t\t\t<\/div>\n\t\t<div class=\"elementor-element elementor-element-e413a4d e-flex e-con-boxed e-con e-parent\" data-id=\"e413a4d\" data-element_type=\"container\" data-e-type=\"container\">\n\t\t\t\t\t<div class=\"e-con-inner\">\n\t\t\t\t<div class=\"elementor-element elementor-element-bad5fa1 elementor-widget elementor-widget-heading\" data-id=\"bad5fa1\" data-element_type=\"widget\" data-e-type=\"widget\" data-widget_type=\"heading.default\">\n\t\t\t\t\t<h2 class=\"elementor-heading-title elementor-size-default\">OBS - V\u00c4LJ LEVERANS TILL BREVL\u00c5DA (Ska ej skickas som REKOMMENDERAT BREV)<\/h2>\t\t\t\t<\/div>\n\t\t\t\t<div class=\"elementor-element elementor-element-94c8898 elementor-widget elementor-widget-heading\" data-id=\"94c8898\" data-element_type=\"widget\" data-e-type=\"widget\" data-widget_type=\"heading.default\">\n\t\t\t\t\t<h2 class=\"elementor-heading-title elementor-size-default\">Hur hittar jag mitt ordernummer?<\/h2>\t\t\t\t<\/div>\n\t\t\t\t<div class=\"elementor-element elementor-element-c1ca9d3 elementor-widget elementor-widget-text-editor\" data-id=\"c1ca9d3\" data-element_type=\"widget\" data-e-type=\"widget\" data-widget_type=\"text-editor.default\">\n\t\t\t\t\t\t\t\t\t<p>Ditt best\u00e4llningsnummer finner du i din orderbekr\u00e4ftelse som vi skickade till dig via e-post i samband med att du gjorde best\u00e4llningen.<\/p>\t\t\t\t\t\t\t\t<\/div>\n\t\t\t\t\t<\/div>\n\t\t\t\t<\/div>\n\t\t<div class=\"elementor-element elementor-element-d14cde9 e-flex e-con-boxed e-con e-parent\" data-id=\"d14cde9\" data-element_type=\"container\" data-e-type=\"container\">\n\t\t\t\t\t<div class=\"e-con-inner\">\n\t\t\t\t<div class=\"elementor-element elementor-element-ecb8d8e elementor-widget elementor-widget-heading\" data-id=\"ecb8d8e\" data-element_type=\"widget\" data-e-type=\"widget\" data-widget_type=\"heading.default\">\n\t\t\t\t\t<h2 class=\"elementor-heading-title elementor-size-default\">R\u00e4knas ett outh\u00e4mtat paket som en retur?<\/h2>\t\t\t\t<\/div>\n\t\t\t\t<div class=\"elementor-element elementor-element-8beab65 elementor-widget elementor-widget-text-editor\" data-id=\"8beab65\" data-element_type=\"widget\" data-e-type=\"widget\" data-widget_type=\"text-editor.default\">\n\t\t\t\t\t\t\t\t\t<p>Nej, det r\u00e4knas inte som en retur! Om ditt paket skickas tillbaka till oss fr\u00e5n ett utl\u00e4mningsst\u00e4lle (exempelvis fr\u00e5n ett postombud eller en f\u00f6rbutik), med anledning av att du inte har h\u00e4mtat ut det, r\u00e4knas det inte som en retur. F\u00f6r paket som kommer tillbaka till oss med anledning av att ej vara efterfr\u00e5gad hos transport\u00f6ren kommer vi debitera dig 200 kronor f\u00f6r v\u00e5ra kostnader f\u00f6r frakt, returfrakt, administration och hantering. Om varuv\u00e4rdet \u00e4r l\u00e4gre \u00e4n 200 kronor debiterar vi ist\u00e4llet hela beloppet f\u00f6r ej uth\u00e4mtade paket.<\/p>\t\t\t\t\t\t\t\t<\/div>\n\t\t\t\t\t<\/div>\n\t\t\t\t<\/div>\n\t\t<div class=\"elementor-element elementor-element-566475d e-flex e-con-boxed e-con e-parent\" data-id=\"566475d\" data-element_type=\"container\" data-e-type=\"container\">\n\t\t\t\t\t<div class=\"e-con-inner\">\n\t\t\t\t<div class=\"elementor-element elementor-element-79f25cb elementor-widget elementor-widget-heading\" data-id=\"79f25cb\" data-element_type=\"widget\" data-e-type=\"widget\" data-widget_type=\"heading.default\">\n\t\t\t\t\t<h2 class=\"elementor-heading-title elementor-size-default\">Kan jag avbryta min best\u00e4llning innan den har skickats fr\u00e5n er?<\/h2>\t\t\t\t<\/div>\n\t\t\t\t<div class=\"elementor-element elementor-element-c5263fd elementor-widget elementor-widget-text-editor\" data-id=\"c5263fd\" data-element_type=\"widget\" data-e-type=\"widget\" data-widget_type=\"text-editor.default\">\n\t\t\t\t\t\t\t\t\t<p><span dir=\"auto\">You can complain about a product if you can prove that the product was already broken when you received the product, for example by photographing the product and sending the photo together with a description of the defect to us. We are only responsible for the defect if it is original, that is, that the defect was already in the product when you received it. If the product is broken, we will send you a new product, free of charge.<\/span><\/p>\t\t\t\t\t\t\t\t<\/div>\n\t\t\t\t\t<\/div>\n\t\t\t\t<\/div>\n\t\t<div class=\"elementor-element elementor-element-9ba2f78 e-flex e-con-boxed e-con e-parent\" data-id=\"9ba2f78\" data-element_type=\"container\" data-e-type=\"container\">\n\t\t\t\t\t<div class=\"e-con-inner\">\n\t\t\t\t<div class=\"elementor-element elementor-element-79d16f2 elementor-widget elementor-widget-heading\" data-id=\"79d16f2\" data-element_type=\"widget\" data-e-type=\"widget\" data-widget_type=\"heading.default\">\n\t\t\t\t\t<h2 class=\"elementor-heading-title elementor-size-default\">Skickas era tester diskret? Kan man se att paketet inneh\u00e5ller snabbtester?<\/h2>\t\t\t\t<\/div>\n\t\t\t\t<div class=\"elementor-element elementor-element-1c9fa5f elementor-widget elementor-widget-text-editor\" data-id=\"1c9fa5f\" data-element_type=\"widget\" data-e-type=\"widget\" data-widget_type=\"text-editor.default\">\n\t\t\t\t\t\t\t\t\t<p>Ja, alla v\u00e5ra snabbtester skickas 100 % diskret. F\u00f6rpackningen har inga logotyper eller m\u00e4rkningar som avsl\u00f6jar inneh\u00e5llet \u2013 varken fr\u00e5n oss eller fr\u00e5n n\u00e5gon annan tillverkare.<br \/>Avs\u00e4ndaren som visas p\u00e5 paketet \u00e4r: Camerix AB, C\/O Logistikcenter Simrishamn AB, Fabriksgatan 7, 27236 Simrishamn,Sweden<\/p><p>Det g\u00e5r d\u00e4rf\u00f6r inte att se att paketet inneh\u00e5ller snabbtester.<br \/><em>Diskretion \u00e4r viktigt f\u00f6r m\u00e5nga av v\u00e5ra kunder, och vi \u00e4r mycket noga med att det alltid ska uppr\u00e4tth\u00e5llas.<\/em><\/p>\t\t\t\t\t\t\t\t<\/div>\n\t\t\t\t\t<\/div>\n\t\t\t\t<\/div>\n\t\t<div class=\"elementor-element elementor-element-e8f23cd e-flex e-con-boxed e-con e-parent\" data-id=\"e8f23cd\" data-element_type=\"container\" data-e-type=\"container\">\n\t\t\t\t\t<div class=\"e-con-inner\">\n\t\t\t\t<div class=\"elementor-element elementor-element-0101b84 elementor-widget elementor-widget-heading\" data-id=\"0101b84\" data-element_type=\"widget\" data-e-type=\"widget\" data-widget_type=\"heading.default\">\n\t\t\t\t\t<h2 class=\"elementor-heading-title elementor-size-default\">Reklamationer<\/h2>\t\t\t\t<\/div>\n\t\t\t\t<div class=\"elementor-element elementor-element-68d9d30 elementor-widget elementor-widget-text-editor\" data-id=\"68d9d30\" data-element_type=\"widget\" data-e-type=\"widget\" data-widget_type=\"text-editor.default\">\n\t\t\t\t\t\t\t\t\t<p>Du kan reklamera en vara om du kan p\u00e5visa att produkten var s\u00f6nder redan n\u00e4r du mottog varan, exempelvis genom att fotografera varan och skicka fotot tillsammans med en beskrivning av felet till oss. Vi ansvarar bara f\u00f6r felet om det \u00e4r ursprungligt, det vill s\u00e4ga att felet funnits i varan redan n\u00e4r du tog emot den. Om produkten \u00e4r trasig skickar vi ut en ny produkt till dig, kostnadsfritt.<\/p>\t\t\t\t\t\t\t\t<\/div>\n\t\t\t\t\t<\/div>\n\t\t\t\t<\/div>\n\t\t<div class=\"elementor-element elementor-element-0d05fd9 e-flex e-con-boxed e-con e-parent\" data-id=\"0d05fd9\" data-element_type=\"container\" data-e-type=\"container\">\n\t\t\t\t\t<div class=\"e-con-inner\">\n\t\t\t\t<div class=\"elementor-element elementor-element-743ac55 elementor-widget elementor-widget-heading\" data-id=\"743ac55\" data-element_type=\"widget\" data-e-type=\"widget\" data-widget_type=\"heading.default\">\n\t\t\t\t\t<h2 class=\"elementor-heading-title elementor-size-default\">Personuppgifter:<\/h2>\t\t\t\t<\/div>\n\t\t\t\t<div class=\"elementor-element elementor-element-23fc5cb elementor-widget elementor-widget-text-editor\" data-id=\"23fc5cb\" data-element_type=\"widget\" data-e-type=\"widget\" data-widget_type=\"text-editor.default\">\n\t\t\t\t\t\t\t\t\t<p>Samtidigt som du best\u00e4ller produkter hos oss s\u00e5 godk\u00e4nner du att vi f\u00e5r lagra och anv\u00e4nda den information som du har l\u00e4mnat om dig sj\u00e4lv f\u00f6r att vi ska kunna fullg\u00f6ra v\u00e5ra \u00e5taganden samt tillhandah\u00e5lla den h\u00f6ga service som du som kund kan f\u00f6rv\u00e4ntar dig. Vi beh\u00f6ver bland annat informationen f\u00f6r att kunna leverera produkterna till dig, f\u00f6r att eventuellt komma i kontakt med dig samt f\u00f6r att skicka information om v\u00e5ra produkter eller erbjudanden via e-post och SMS till dig. Du kan n\u00e4r som helst kontakta oss f\u00f6r att del av de personuppgifter som vi har registrerat om dig. Du kan ocks\u00e5 kontakta oss om du vill att vi ska hj\u00e4lpa dig att ta bort dina personuppgifter.<\/p>\t\t\t\t\t\t\t\t<\/div>\n\t\t\t\t\t<\/div>\n\t\t\t\t<\/div>\n\t\t<div class=\"elementor-element elementor-element-59fbc9f e-flex e-con-boxed e-con e-parent\" data-id=\"59fbc9f\" data-element_type=\"container\" data-e-type=\"container\">\n\t\t\t\t\t<div class=\"e-con-inner\">\n\t\t\t\t<div class=\"elementor-element elementor-element-18ee074 elementor-widget elementor-widget-heading\" data-id=\"18ee074\" data-element_type=\"widget\" data-e-type=\"widget\" data-widget_type=\"heading.default\">\n\t\t\t\t\t<h2 class=\"elementor-heading-title elementor-size-default\">Kontakt<\/h2>\t\t\t\t<\/div>\n\t\t\t\t<div class=\"elementor-element elementor-element-7385dc6 elementor-widget elementor-widget-text-editor\" data-id=\"7385dc6\" data-element_type=\"widget\" data-e-type=\"widget\" data-widget_type=\"text-editor.default\">\n\t\t\t\t\t\t\t\t\t<p>Vill du komma i kontakt med oss g\u00e5r det bra att\u00a0<a href=\"mailto:order@mytezt.com\" target=\"_blank\" rel=\"noopener\"><strong>skicka ett e-postmeddelande<\/strong><\/a> till order@mytezt.com<br \/>Vid fr\u00e5gor om en best\u00e4llning ange \u00e4ven ordernummer.<br \/>Vi svarar oftast inom 24 timmar.<\/p>\t\t\t\t\t\t\t\t<\/div>\n\t\t\t\t\t<\/div>\n\t\t\t\t<\/div>\n\t\t\t\t<\/div>\n\t\t","protected":false},"excerpt":{"rendered":"<p>K\u00f6pvillkor Betalningsvillkor: Vi samarbetar med betalleverant\u00f6ren\u00a0SVEA vilket g\u00f6r att privatpersoner och f\u00f6retag kan betala med Swish, faktura, bank\u00f6verf\u00f6ring, delbetalning, betalkort [&hellip;]<\/p>\n","protected":false},"author":1,"featured_media":0,"parent":0,"menu_order":0,"comment_status":"closed","ping_status":"closed","template":"","meta":{"_acf_changed":false,"site-sidebar-layout":"no-sidebar","site-content-layout":"","ast-site-content-layout":"full-width-container","site-content-style":"default","site-sidebar-style":"default","ast-global-header-display":"","ast-banner-title-visibility":"","ast-main-header-display":"","ast-hfb-above-header-display":"","ast-hfb-below-header-display":"","ast-hfb-mobile-header-display":"","site-post-title":"disabled","ast-breadcrumbs-content":"","ast-featured-img":"disabled","footer-sml-layout":"","ast-disable-related-posts":"","theme-transparent-header-meta":"default","adv-header-id-meta":"","stick-header-meta":"","header-above-stick-meta":"","header-main-stick-meta":"","header-below-stick-meta":"","astra-migrate-meta-layouts":"set","ast-page-background-enabled":"default","ast-page-background-meta":{"desktop":{"background-color":"var(--ast-global-color-5)","background-image":"","background-repeat":"repeat","background-position":"center center","background-size":"auto","background-attachment":"scroll","background-type":"","background-media":"","overlay-type":"","overlay-color":"","overlay-opacity":"","overlay-gradient":""},"tablet":{"background-color":"","background-image":"","background-repeat":"repeat","background-position":"center center","background-size":"auto","background-attachment":"scroll","background-type":"","background-media":"","overlay-type":"","overlay-color":"","overlay-opacity":"","overlay-gradient":""},"mobile":{"background-color":"","background-image":"","background-repeat":"repeat","background-position":"center center","background-size":"auto","background-attachment":"scroll","background-type":"","background-media":"","overlay-type":"","overlay-color":"","overlay-opacity":"","overlay-gradient":""}},"ast-content-background-meta":{"desktop":{"background-color":"var(--ast-global-color-4)","background-image":"","background-repeat":"repeat","background-position":"center center","background-size":"auto","background-attachment":"scroll","background-type":"","background-media":"","overlay-type":"","overlay-color":"","overlay-opacity":"","overlay-gradient":""},"tablet":{"background-color":"var(--ast-global-color-4)","background-image":"","background-repeat":"repeat","background-position":"center center","background-size":"auto","background-attachment":"scroll","background-type":"","background-media":"","overlay-type":"","overlay-color":"","overlay-opacity":"","overlay-gradient":""},"mobile":{"background-color":"var(--ast-global-color-4)","background-image":"","background-repeat":"repeat","background-position":"center center","background-size":"auto","background-attachment":"scroll","background-type":"","background-media":"","overlay-type":"","overlay-color":"","overlay-opacity":"","overlay-gradient":""}},"footnotes":""},"class_list":["post-2687","page","type-page","status-publish","hentry"],"acf":[],"_links":{"self":[{"href":"https:\/\/mytezt.com\/sv\/wp-json\/wp\/v2\/pages\/2687","targetHints":{"allow":["GET"]}}],"collection":[{"href":"https:\/\/mytezt.com\/sv\/wp-json\/wp\/v2\/pages"}],"about":[{"href":"https:\/\/mytezt.com\/sv\/wp-json\/wp\/v2\/types\/page"}],"author":[{"embeddable":true,"href":"https:\/\/mytezt.com\/sv\/wp-json\/wp\/v2\/users\/1"}],"replies":[{"embeddable":true,"href":"https:\/\/mytezt.com\/sv\/wp-json\/wp\/v2\/comments?post=2687"}],"version-history":[{"count":0,"href":"https:\/\/mytezt.com\/sv\/wp-json\/wp\/v2\/pages\/2687\/revisions"}],"wp:attachment":[{"href":"https:\/\/mytezt.com\/sv\/wp-json\/wp\/v2\/media?parent=2687"}],"curies":[{"name":"wp","href":"https:\/\/api.w.org\/{rel}","templated":true}]}}