{"id":2686,"date":"2025-08-11T06:09:40","date_gmt":"2025-08-11T06:09:40","guid":{"rendered":"https:\/\/mytezt.com\/terms-of-purchase\/"},"modified":"2026-01-16T10:25:00","modified_gmt":"2026-01-16T10:25:00","slug":"warunki-zakupu","status":"publish","type":"page","link":"https:\/\/mytezt.com\/pl\/warunki-zakupu\/","title":{"rendered":"Warunki zakupu"},"content":{"rendered":"\t\t<div data-elementor-type=\"wp-page\" data-elementor-id=\"2686\" class=\"elementor elementor-2686 elementor-1063\">\n\t\t\t\t<div class=\"elementor-element elementor-element-4e9686f banner e-flex e-con-boxed e-con e-parent\" data-id=\"4e9686f\" data-element_type=\"container\" data-e-type=\"container\" data-settings=\"{&quot;background_background&quot;:&quot;classic&quot;}\">\n\t\t\t\t\t<div class=\"e-con-inner\">\n\t\t<div class=\"elementor-element elementor-element-f50f31e e-con-full e-flex e-con e-child\" data-id=\"f50f31e\" data-element_type=\"container\" data-e-type=\"container\">\n\t\t\t\t<div class=\"elementor-element elementor-element-c1f372f elementor-widget elementor-widget-heading\" data-id=\"c1f372f\" data-element_type=\"widget\" data-e-type=\"widget\" data-widget_type=\"heading.default\">\n\t\t\t\t\t<h2 class=\"elementor-heading-title elementor-size-default\"><span style=\"font-family: 'Kugile\">Warunki zakupu<\/span><\/h2>\t\t\t\t<\/div>\n\t\t\t\t<\/div>\n\t\t<div class=\"elementor-element elementor-element-c764c3c e-con-full e-flex e-con e-child\" data-id=\"c764c3c\" data-element_type=\"container\" data-e-type=\"container\">\n\t\t\t\t<\/div>\n\t\t\t\t\t<\/div>\n\t\t\t\t<\/div>\n\t\t<div class=\"elementor-element elementor-element-97a2e29 e-flex e-con-boxed e-con e-parent\" data-id=\"97a2e29\" data-element_type=\"container\" data-e-type=\"container\">\n\t\t\t\t\t<div class=\"e-con-inner\">\n\t\t\t\t<div class=\"elementor-element elementor-element-b4460e8 elementor-widget elementor-widget-heading\" data-id=\"b4460e8\" data-element_type=\"widget\" data-e-type=\"widget\" data-widget_type=\"heading.default\">\n\t\t\t\t\t<h2 class=\"elementor-heading-title elementor-size-default\">Warunki p\u0142atno\u015bci<\/h2>\t\t\t\t<\/div>\n\t\t\t\t<div class=\"elementor-element elementor-element-7fb37ee elementor-widget elementor-widget-text-editor\" data-id=\"7fb37ee\" data-element_type=\"widget\" data-e-type=\"widget\" data-widget_type=\"text-editor.default\">\n\t\t\t\t\t\t\t\t\tWsp\u00f3\u0142pracujemy z dostawcami p\u0142atno\u015bci online, takimi jak PayPal, co umo\u017cliwia osobom prywatnym i firmom bezpieczne i \u0142atwe dokonywanie zakup\u00f3w. Kwota jest pobierana z konta dopiero po wys\u0142aniu zam\u00f3wienia z naszego magazynu.\t\t\t\t\t\t\t\t<\/div>\n\t\t\t\t\t<\/div>\n\t\t\t\t<\/div>\n\t\t<div class=\"elementor-element elementor-element-a2312c3 e-flex e-con-boxed e-con e-parent\" data-id=\"a2312c3\" data-element_type=\"container\" data-e-type=\"container\">\n\t\t\t\t\t<div class=\"e-con-inner\">\n\t\t\t\t<div class=\"elementor-element elementor-element-24e2bb5 elementor-widget elementor-widget-heading\" data-id=\"24e2bb5\" data-element_type=\"widget\" data-e-type=\"widget\" data-widget_type=\"heading.default\">\n\t\t\t\t\t<h2 class=\"elementor-heading-title elementor-size-default\">Warunki wysy\u0142ki<\/h2>\t\t\t\t<\/div>\n\t\t\t\t<div class=\"elementor-element elementor-element-6d8005d elementor-widget elementor-widget-text-editor\" data-id=\"6d8005d\" data-element_type=\"widget\" data-e-type=\"widget\" data-widget_type=\"text-editor.default\">\n\t\t\t\t\t\t\t\t\t<p>Zazwyczaj wysy\u0142amy zam\u00f3wienia tego samego dnia roboczego za po\u015brednictwem DPD lub Deutsche Post. Zam\u00f3wienia z\u0142o\u017cone przed godzin\u0105 14:00 s\u0105 wysy\u0142ane tego samego dnia. Naszym celem jest zapewnienie, aby wszyscy klienci otrzymali swoje zam\u00f3wienia szybko i bezpiecznie.<\/p><p><strong>Dostawa za po\u015brednictwem DPD<\/strong><br \/>W przypadku DPD mo\u017cesz wybra\u0107 jedn\u0105 z nast\u0119puj\u0105cych opcji dostawy:<\/p><ul><li>Dostawa do domu (czas dostawy 3\u20134 dni robocze)<\/li><li>Odbi\u00f3r w punkcie odbioru (czas dostawy 3\u20134 dni robocze)<\/li><\/ul><p><strong>Dostawa za po\u015brednictwem Deutsche Post<\/strong><br \/>Przesy\u0142ki wysy\u0142ane za po\u015brednictwem Deutsche Post s\u0105 dostarczane na adres domowy i zazwyczaj docieraj\u0105 w ci\u0105gu 2\u20134 dni roboczych.<\/p><p><strong>Dostawa za po\u015brednictwem UPS<\/strong><br \/>W przypadku przesy\u0142ek ekspresowych UPS czas dostawy wynosi 1-2 dni robocze. Twoja paczka zostanie dostarczona na adres podany podczas sk\u0142adania zam\u00f3wienia. Jest to us\u0142uga ekspresowej dostawy premium firmy UPS.<\/p><p>Zastrzegamy sobie prawo do wyd\u0142u\u017cenia czasu dostawy w okre\u015blonych warunkach, takich jak braki w zaopatrzeniu, wahania sezonowe, nietypowo du\u017ca liczba zam\u00f3wie\u0144 lub inne czynniki zewn\u0119trzne, na kt\u00f3re nie mamy wp\u0142ywu. Nie ponosimy odpowiedzialno\u015bci za op\u00f3\u017anienia spowodowane przez firm\u0119 kuriersk\u0105.<\/p><p><strong>Czy testy s\u0105 wysy\u0142ane dyskretnie? Czy kto\u015b mo\u017ce rozpozna\u0107, \u017ce paczka zawiera testy szybkie?<\/strong><br \/>Tak, wszystkie nasze testy szybkie s\u0105 wysy\u0142ane w 100% dyskretnie. Opakowanie nie zawiera \u017cadnych logo ani oznacze\u0144, kt\u00f3re ujawnia\u0142yby zawarto\u015b\u0107 \u2013 ani od nas, ani od producenta.<br \/>Nadawca widoczny na paczce to:<br \/>Camerix AB<br \/>Dlatego nie mo\u017cna rozpozna\u0107, \u017ce paczka zawiera testy szybkie.<br \/>Dyskrecja jest wa\u017cna dla wielu naszych klient\u00f3w i dok\u0142adamy wszelkich stara\u0144, aby zawsze by\u0142a zachowana.<\/p><p><strong>Polityka zwrot\u00f3w<\/strong><br \/>Nieuszkodzone produkty mo\u017cna zwr\u00f3ci\u0107 w ci\u0105gu 14 dni. Je\u015bli chcesz odst\u0105pi\u0107 od zakupu, zwr\u00f3\u0107 produkty na poni\u017cszy adres zwrotny. Klient ponosi koszty przesy\u0142ki zwrotnej. Zwroty nale\u017cy wysy\u0142a\u0107 bezpo\u015brednio na adres zwrotny \u2013 nie do paczkomatu ani punktu odbioru. Prosimy o oznaczenie paczki numerem zam\u00f3wienia (np. na odwrocie paczki). Numer zam\u00f3wienia znajduje si\u0119 w wiadomo\u015bci e-mail z potwierdzeniem, wys\u0142anej na adres e-mail podany podczas sk\u0142adania zam\u00f3wienia.<\/p>\t\t\t\t\t\t\t\t<\/div>\n\t\t\t\t\t<\/div>\n\t\t\t\t<\/div>\n\t\t<div class=\"elementor-element elementor-element-a6e611d e-flex e-con-boxed e-con e-parent\" data-id=\"a6e611d\" data-element_type=\"container\" data-e-type=\"container\">\n\t\t\t\t\t<div class=\"e-con-inner\">\n\t\t\t\t<div class=\"elementor-element elementor-element-2c91dce elementor-widget elementor-widget-heading\" data-id=\"2c91dce\" data-element_type=\"widget\" data-e-type=\"widget\" data-widget_type=\"heading.default\">\n\t\t\t\t\t<h2 class=\"elementor-heading-title elementor-size-default\">Adres zwrotny:<\/h2>\t\t\t\t<\/div>\n\t\t\t\t<div class=\"elementor-element elementor-element-309c5b7 elementor-widget elementor-widget-text-editor\" data-id=\"309c5b7\" data-element_type=\"widget\" data-e-type=\"widget\" data-widget_type=\"text-editor.default\">\n\t\t\t\t\t\t\t\t\t<p>Camerix AB<br \/>C\/O Logistikcenter Simrishamn AB<br \/>Fabriksgatan 7<br \/>27236 Simrishamn<br \/>Sweden<\/p>\t\t\t\t\t\t\t\t<\/div>\n\t\t\t\t\t<\/div>\n\t\t\t\t<\/div>\n\t\t<div class=\"elementor-element elementor-element-3a0f9da e-flex e-con-boxed e-con e-parent\" data-id=\"3a0f9da\" data-element_type=\"container\" data-e-type=\"container\">\n\t\t\t\t\t<div class=\"e-con-inner\">\n\t\t\t\t<div class=\"elementor-element elementor-element-64daa62 elementor-widget elementor-widget-heading\" data-id=\"64daa62\" data-element_type=\"widget\" data-e-type=\"widget\" data-widget_type=\"heading.default\">\n\t\t\t\t\t<h2 class=\"elementor-heading-title elementor-size-default\">Uskar\u017canie si\u0119<\/h2>\t\t\t\t<\/div>\n\t\t\t\t<div class=\"elementor-element elementor-element-633b187 elementor-widget elementor-widget-text-editor\" data-id=\"633b187\" data-element_type=\"widget\" data-e-type=\"widget\" data-widget_type=\"text-editor.default\">\n\t\t\t\t\t\t\t\t\t<p>Mo\u017cesz z\u0142o\u017cy\u0107 reklamacj\u0119, je\u015bli produkt by\u0142 wadliwy w momencie dostawy. Prosimy o przes\u0142anie zdj\u0119cia i opisu wady. Odpowiadamy jedynie za wady produkcyjne wyst\u0119puj\u0105ce w momencie dostawy. Je\u015bli produkt jest wadliwy, wy\u015blemy Ci nowy egzemplarz bez dodatkowych op\u0142at. W przypadku pyta\u0144 po otrzymaniu produktu, skontaktuj si\u0119 z nami pod adresem <a href=\"mailto:order@mytezt.com\">order@mytezt.com<\/a>. Je\u015bli produkt nie dzia\u0142a zgodnie z przeznaczeniem, opisz problem szczeg\u00f3\u0142owo i podaj numer zam\u00f3wienia. Prawo do z\u0142o\u017cenia reklamacji obowi\u0105zuje przez 3 lata.<\/p>\t\t\t\t\t\t\t\t<\/div>\n\t\t\t\t\t<\/div>\n\t\t\t\t<\/div>\n\t\t<div class=\"elementor-element elementor-element-627f564 e-flex e-con-boxed e-con e-parent\" data-id=\"627f564\" data-element_type=\"container\" data-e-type=\"container\">\n\t\t\t\t\t<div class=\"e-con-inner\">\n\t\t\t\t<div class=\"elementor-element elementor-element-9d077fe elementor-widget elementor-widget-heading\" data-id=\"9d077fe\" data-element_type=\"widget\" data-e-type=\"widget\" data-widget_type=\"heading.default\">\n\t\t\t\t\t<h2 class=\"elementor-heading-title elementor-size-default\">Dane osobowe<\/h2>\t\t\t\t<\/div>\n\t\t\t\t<div class=\"elementor-element elementor-element-192c65c elementor-widget elementor-widget-text-editor\" data-id=\"192c65c\" data-element_type=\"widget\" data-e-type=\"widget\" data-widget_type=\"text-editor.default\">\n\t\t\t\t\t\t\t\t\t<p>Sk\u0142adaj\u0105c zam\u00f3wienie w naszym sklepie, wyra\u017casz zgod\u0119 na przechowywanie i wykorzystywanie Twoich danych osobowych w celu realizacji naszych zobowi\u0105za\u0144 umownych i zapewnienia jak najlepszej obs\u0142ugi. Wykorzystujemy Twoje dane do dostarczenia produkt\u00f3w, kontaktu z Tob\u0105 w razie potrzeby oraz wysy\u0142ania informacji o produktach i ofertach za po\u015brednictwem poczty elektronicznej i SMS-\u00f3w. W ka\u017cdej chwili mo\u017cesz skontaktowa\u0107 si\u0119 z nami, aby uzyska\u0107 dost\u0119p do swoich danych osobowych lub za\u017c\u0105da\u0107 ich usuni\u0119cia.<\/p>\t\t\t\t\t\t\t\t<\/div>\n\t\t\t\t\t<\/div>\n\t\t\t\t<\/div>\n\t\t<div class=\"elementor-element elementor-element-d14cde9 e-flex e-con-boxed e-con e-parent\" data-id=\"d14cde9\" data-element_type=\"container\" data-e-type=\"container\">\n\t\t\t\t\t<div class=\"e-con-inner\">\n\t\t\t\t<div class=\"elementor-element elementor-element-ecb8d8e elementor-widget elementor-widget-heading\" data-id=\"ecb8d8e\" data-element_type=\"widget\" data-e-type=\"widget\" data-widget_type=\"heading.default\">\n\t\t\t\t\t<h2 class=\"elementor-heading-title elementor-size-default\">Nazwa firmy:<\/h2>\t\t\t\t<\/div>\n\t\t\t\t<div class=\"elementor-element elementor-element-8beab65 elementor-widget elementor-widget-text-editor\" data-id=\"8beab65\" data-element_type=\"widget\" data-e-type=\"widget\" data-widget_type=\"text-editor.default\">\n\t\t\t\t\t\t\t\t\t<p>Administratorem danych osobowych jest:<br \/>Nazwa firmy: Camerix AB<br \/>Numer rejestracyjny firmy: 559136-6793<br \/>Adres: Vikingagatan 23<br \/>Adres e-mail: order@mytezt.com<\/p>\t\t\t\t\t\t\t\t<\/div>\n\t\t\t\t\t<\/div>\n\t\t\t\t<\/div>\n\t\t\t\t<\/div>\n\t\t","protected":false},"excerpt":{"rendered":"<p>Warunki zakupu Warunki p\u0142atno\u015bci Wsp\u00f3\u0142pracujemy z dostawcami p\u0142atno\u015bci online, takimi jak PayPal, co umo\u017cliwia osobom prywatnym i firmom bezpieczne i [&hellip;]<\/p>\n","protected":false},"author":1,"featured_media":0,"parent":0,"menu_order":0,"comment_status":"closed","ping_status":"closed","template":"","meta":{"_acf_changed":false,"site-sidebar-layout":"no-sidebar","site-content-layout":"","ast-site-content-layout":"full-width-container","site-content-style":"default","site-sidebar-style":"default","ast-global-header-display":"","ast-banner-title-visibility":"","ast-main-header-display":"","ast-hfb-above-header-display":"","ast-hfb-below-header-display":"","ast-hfb-mobile-header-display":"","site-post-title":"disabled","ast-breadcrumbs-content":"","ast-featured-img":"disabled","footer-sml-layout":"","ast-disable-related-posts":"","theme-transparent-header-meta":"default","adv-header-id-meta":"","stick-header-meta":"","header-above-stick-meta":"","header-main-stick-meta":"","header-below-stick-meta":"","astra-migrate-meta-layouts":"set","ast-page-background-enabled":"default","ast-page-background-meta":{"desktop":{"background-color":"var(--ast-global-color-5)","background-image":"","background-repeat":"repeat","background-position":"center center","background-size":"auto","background-attachment":"scroll","background-type":"","background-media":"","overlay-type":"","overlay-color":"","overlay-opacity":"","overlay-gradient":""},"tablet":{"background-color":"","background-image":"","background-repeat":"repeat","background-position":"center center","background-size":"auto","background-attachment":"scroll","background-type":"","background-media":"","overlay-type":"","overlay-color":"","overlay-opacity":"","overlay-gradient":""},"mobile":{"background-color":"","background-image":"","background-repeat":"repeat","background-position":"center center","background-size":"auto","background-attachment":"scroll","background-type":"","background-media":"","overlay-type":"","overlay-color":"","overlay-opacity":"","overlay-gradient":""}},"ast-content-background-meta":{"desktop":{"background-color":"var(--ast-global-color-4)","background-image":"","background-repeat":"repeat","background-position":"center center","background-size":"auto","background-attachment":"scroll","background-type":"","background-media":"","overlay-type":"","overlay-color":"","overlay-opacity":"","overlay-gradient":""},"tablet":{"background-color":"var(--ast-global-color-4)","background-image":"","background-repeat":"repeat","background-position":"center center","background-size":"auto","background-attachment":"scroll","background-type":"","background-media":"","overlay-type":"","overlay-color":"","overlay-opacity":"","overlay-gradient":""},"mobile":{"background-color":"var(--ast-global-color-4)","background-image":"","background-repeat":"repeat","background-position":"center center","background-size":"auto","background-attachment":"scroll","background-type":"","background-media":"","overlay-type":"","overlay-color":"","overlay-opacity":"","overlay-gradient":""}},"footnotes":""},"class_list":["post-2686","page","type-page","status-publish","hentry"],"acf":[],"_links":{"self":[{"href":"https:\/\/mytezt.com\/pl\/wp-json\/wp\/v2\/pages\/2686","targetHints":{"allow":["GET"]}}],"collection":[{"href":"https:\/\/mytezt.com\/pl\/wp-json\/wp\/v2\/pages"}],"about":[{"href":"https:\/\/mytezt.com\/pl\/wp-json\/wp\/v2\/types\/page"}],"author":[{"embeddable":true,"href":"https:\/\/mytezt.com\/pl\/wp-json\/wp\/v2\/users\/1"}],"replies":[{"embeddable":true,"href":"https:\/\/mytezt.com\/pl\/wp-json\/wp\/v2\/comments?post=2686"}],"version-history":[{"count":0,"href":"https:\/\/mytezt.com\/pl\/wp-json\/wp\/v2\/pages\/2686\/revisions"}],"wp:attachment":[{"href":"https:\/\/mytezt.com\/pl\/wp-json\/wp\/v2\/media?parent=2686"}],"curies":[{"name":"wp","href":"https:\/\/api.w.org\/{rel}","templated":true}]}}