{"id":4103,"date":"2025-08-29T12:17:21","date_gmt":"2025-08-29T12:17:21","guid":{"rendered":"https:\/\/mytezt.com\/product\/syphilis-test\/"},"modified":"2025-12-02T07:02:50","modified_gmt":"2025-12-02T07:02:50","slug":"syfilistest","status":"publish","type":"product","link":"https:\/\/mytezt.com\/no\/produkt\/syfilistest\/","title":{"rendered":"Syfilistest"},"content":{"rendered":"<p class=\"tws-article-description--article-number\">Artikkelnr.:\u00a0111003<\/p>\n<div class=\"tws-article-description--text-container tws-article-description--show-full-description\">\n<div class=\"tws-article-description--text\">\n<h3><strong>Syfilistest<\/strong><\/h3>\n<p>Syfilis er en vanlig kj\u00f8nnssykdom i Norge som skulle forsvinne, men har n\u00e5 kommet sterkt tilbake. Testen bruker to antistoffer spesifikt for syfilis (Treponema Pallidium) som er forkortet TP. Hvis testen viser positive resultater, har du syfilis i blodet og du b\u00f8r s\u00f8ke omsorg. V\u00e5r hurtige test m\u00e5ler niv\u00e5et av TP i blodet direkte slik at du holder et lite hull i fingeren hvor en liten mengde blod blir tatt. Blodet blir deretter p\u00e5f\u00f8rt p\u00e5 et testsett med en membran som inneholder to antistoffer som binder til syfilis antigenet (TP) hvis det finnes i blodet. Spesifisitet: 99,7%. F\u00f8lsomhet: 99,9%. Dette produktet er CE-merket for profesjonell bruk av helsepersonell. Det er ikke ment eller testet for hjemmebruk.<\/p>\n<p><strong>Bruksanvisning<\/strong><\/p>\n<ol>\n<li>Rengj\u00f8r fingeren med alkoholrenseren.<\/li>\n<li>Ta av den runde beskyttelses hetten p\u00e5 n\u00e5len og stikk deg p\u00e5 fingertuppen og klem ut litt blod.<\/li>\n<li>Sug opp 2-3 dr\u00e5per blod med pipetten ved \u00e5 flytte pipette spissen til blodoverflaten. Kapill\u00e6re krefter vil f\u00f8re til at blodet suger opp i pipetten automatisk.<\/li>\n<li>Drypp 2 dr\u00e5per blod i testkasettens br\u00f8nn (S).<\/li>\n<li>Drypp deretter 2 dr\u00e5per buffer. Vent 5-10 minutter for \u00e5 lese resultatet.<\/li>\n<li>Ikke vent mer enn 10 minutter for \u00e5 lese svaret.<\/li>\n<\/ol>\n<p><img fetchpriority=\"high\" decoding=\"async\" src=\"https:\/\/admin.abicart.se\/shop\/ws1\/110001\/files\/SVE%20abi\/PSA%20procedur.PNG?_t=1616244591\" width=\"578\" height=\"163\" \/><\/p>\n<p><strong>Tolkning av resultater<br \/>\n<\/strong><br \/>\n<img decoding=\"async\" src=\"https:\/\/admin.abicart.se\/shop\/ws1\/110001\/files\/SVE%20abi\/Test%20resultat.PNG\" alt=\"Beskrivning\" width=\"287\" height=\"201\" \/><\/div>\n<\/div>\n","protected":false},"excerpt":{"rendered":"<div>Syfilistest for menn og kvinner<br \/>\n&#8211; Rask test<br \/>\n&#8211; Svar innen 10 minutter<br \/>\n&#8211; H\u00f8y klinisk n\u00f8yaktighet<br \/>\n&#8211; For profesjonell bruk<\/div>\n","protected":false},"featured_media":5859,"comment_status":"open","ping_status":"closed","template":"","meta":{"_acf_changed":false,"site-sidebar-layout":"default","site-content-layout":"","ast-site-content-layout":"default","site-content-style":"default","site-sidebar-style":"default","ast-global-header-display":"","ast-banner-title-visibility":"","ast-main-header-display":"","ast-hfb-above-header-display":"","ast-hfb-below-header-display":"","ast-hfb-mobile-header-display":"","site-post-title":"","ast-breadcrumbs-content":"","ast-featured-img":"","footer-sml-layout":"","ast-disable-related-posts":"","theme-transparent-header-meta":"default","adv-header-id-meta":"","stick-header-meta":"default","header-above-stick-meta":"","header-main-stick-meta":"","header-below-stick-meta":"","astra-migrate-meta-layouts":"set","ast-page-background-enabled":"default","ast-page-background-meta":{"desktop":{"background-color":"var(--ast-global-color-5)","background-image":"","background-repeat":"repeat","background-position":"center center","background-size":"auto","background-attachment":"scroll","background-type":"","background-media":"","overlay-type":"","overlay-color":"","overlay-opacity":"","overlay-gradient":""},"tablet":{"background-color":"","background-image":"","background-repeat":"repeat","background-position":"center center","background-size":"auto","background-attachment":"scroll","background-type":"","background-media":"","overlay-type":"","overlay-color":"","overlay-opacity":"","overlay-gradient":""},"mobile":{"background-color":"","background-image":"","background-repeat":"repeat","background-position":"center center","background-size":"auto","background-attachment":"scroll","background-type":"","background-media":"","overlay-type":"","overlay-color":"","overlay-opacity":"","overlay-gradient":""}},"ast-content-background-meta":{"desktop":{"background-color":"var(--ast-global-color-4)","background-image":"","background-repeat":"repeat","background-position":"center center","background-size":"auto","background-attachment":"scroll","background-type":"","background-media":"","overlay-type":"","overlay-color":"","overlay-opacity":"","overlay-gradient":""},"tablet":{"background-color":"var(--ast-global-color-4)","background-image":"","background-repeat":"repeat","background-position":"center center","background-size":"auto","background-attachment":"scroll","background-type":"","background-media":"","overlay-type":"","overlay-color":"","overlay-opacity":"","overlay-gradient":""},"mobile":{"background-color":"var(--ast-global-color-4)","background-image":"","background-repeat":"repeat","background-position":"center center","background-size":"auto","background-attachment":"scroll","background-type":"","background-media":"","overlay-type":"","overlay-color":"","overlay-opacity":"","overlay-gradient":""}}},"product_brand":[69],"product_cat":[355],"product_tag":[],"class_list":{"0":"post-4103","1":"product","2":"type-product","3":"status-publish","4":"has-post-thumbnail","6":"product_brand-medtest","7":"product_cat-syfilistest","8":"desktop-align-left","9":"tablet-align-left","10":"mobile-align-left","11":"ast-product-gallery-layout-horizontal-slider","12":"ast-product-tabs-layout-horizontal","14":"first","15":"instock","16":"taxable","17":"shipping-taxable","18":"purchasable","19":"product-type-simple"},"acf":[],"_links":{"self":[{"href":"https:\/\/mytezt.com\/no\/wp-json\/wp\/v2\/product\/4103","targetHints":{"allow":["GET"]}}],"collection":[{"href":"https:\/\/mytezt.com\/no\/wp-json\/wp\/v2\/product"}],"about":[{"href":"https:\/\/mytezt.com\/no\/wp-json\/wp\/v2\/types\/product"}],"replies":[{"embeddable":true,"href":"https:\/\/mytezt.com\/no\/wp-json\/wp\/v2\/comments?post=4103"}],"wp:featuredmedia":[{"embeddable":true,"href":"https:\/\/mytezt.com\/no\/wp-json\/wp\/v2\/media\/5859"}],"wp:attachment":[{"href":"https:\/\/mytezt.com\/no\/wp-json\/wp\/v2\/media?parent=4103"}],"wp:term":[{"taxonomy":"product_brand","embeddable":true,"href":"https:\/\/mytezt.com\/no\/wp-json\/wp\/v2\/product_brand?post=4103"},{"taxonomy":"product_cat","embeddable":true,"href":"https:\/\/mytezt.com\/no\/wp-json\/wp\/v2\/product_cat?post=4103"},{"taxonomy":"product_tag","embeddable":true,"href":"https:\/\/mytezt.com\/no\/wp-json\/wp\/v2\/product_tag?post=4103"}],"curies":[{"name":"wp","href":"https:\/\/api.w.org\/{rel}","templated":true}]}}