{"id":2744,"date":"2025-10-28T10:35:19","date_gmt":"2025-10-28T10:35:19","guid":{"rendered":"https:\/\/mytezt.com\/product\/total-package-hiv-self-test-herpes-type-2-urinary-tract-infection\/"},"modified":"2026-02-23T06:12:12","modified_gmt":"2026-02-23T06:12:12","slug":"totalpakke-klamydia-gonore-syfilis-hiv-herpes-type-2-urinveisinfeksjon-2","status":"publish","type":"product","link":"https:\/\/mytezt.com\/no\/produkt\/totalpakke-klamydia-gonore-syfilis-hiv-herpes-type-2-urinveisinfeksjon-2\/","title":{"rendered":"Totalpakke &#8211; klamydia, gonor\u00e9, syfilis, hiv, herpes type 2, urinveisinfeksjon"},"content":{"rendered":"<p class=\"tws-article-description--article-number\">Artikkelnr.:\u00a0111107<\/p>\n<div class=\"tws-article-description--text-container tws-article-description--show-full-description\">\n<div class=\"tws-article-description--text\">\n<h4>Om testene<\/h4>\n<p>Klamydia hurtigtest for kvalitativ p\u00e5visning av klamydiaantigen lokalisert i livmorhalsen (kvinner) eller urinr\u00f8ret (menn), som gir resultater etter 5-10 minutter. N\u00f8yaktighet 96,6 %, CE-merket for profesjonell bruk.<\/p>\n<p>Gonor\u00e9-hurtigtest for kvalitativ p\u00e5visning av gonor\u00e9-antigen lokalisert til livmorhalsen (kvinner) eller urinr\u00f8ret (menn), som gir resultater etter 5-10 minutter. N\u00f8yaktighet 95,9 %. CE-merket for profesjonell bruk.<\/p>\n<p>Syfilis hurtigtest for \u00e5 kvalitativt p\u00e5vise syfilisantigenet i blodet, og gir deg svar etter 10 minutter. N\u00f8yaktighet 99,8 %. CE-merket for profesjonell bruk.<\/p>\n<p>HIV 1\/2 hurtigtest for \u00e5 p\u00e5vise antistoffene HIV 1 og HIV 2 i blodet, og gir deg svar i l\u00f8pet av 10 minutter. N\u00f8yaktighet 99,6 %. CE-merket for selvtesting.<\/p>\n<p>Herpes type 2 hurtigtest for p\u00e5visning av antistoffene IgG og IgM i blodet, som gir deg svar innen 15 minutter. N\u00f8yaktighet HSV-IgG: 98,4 %, N\u00f8yaktighet HSV-IgM: 99,1 %. CE-merket for profesjonell bruk.<\/p>\n<p>Hurtigtest for urinveisinfeksjon for p\u00e5visning av leukocytter, nitritt og blod i urinen, gir svar i l\u00f8pet av 2 minutter. CE-merket som selvtest.<\/p>\n<p><strong>Oppbevaring av testen<\/strong><br \/>\nOppbevar testen i lukket emballasje enten i romtemperatur eller i kj\u00f8leskap (2-30 \u00b0C). Testkassetten er holdbar frem til utl\u00f8psdatoen som er angitt p\u00e5 pakningen. Testapparatet skal oppbevares i den forseglede posen frem til bruk. M\u00e5 ikke fryses.<\/p>\n<\/div>\n<\/div>\n","protected":false},"excerpt":{"rendered":"<div>Totalpakken for menn og kvinner inneholder f\u00f8lgende 6 hurtigtester:<br \/>\n&#8211; Klamydia (1 stk)<br \/>\n&#8211; Gonor\u00e9 (1 stk.)<br \/>\n&#8211; Syfilis (1 stk.)<br \/>\n&#8211; HIV 1\/2 (1 stk.)<br \/>\n&#8211; Herpes type 2 (genital herpes, 1 stk)<br \/>\n&#8211; Urinveisinfeksjon (1 stk)<\/div>\n","protected":false},"featured_media":2745,"comment_status":"open","ping_status":"closed","template":"","meta":{"_acf_changed":false,"site-sidebar-layout":"default","site-content-layout":"","ast-site-content-layout":"default","site-content-style":"default","site-sidebar-style":"default","ast-global-header-display":"","ast-banner-title-visibility":"","ast-main-header-display":"","ast-hfb-above-header-display":"","ast-hfb-below-header-display":"","ast-hfb-mobile-header-display":"","site-post-title":"","ast-breadcrumbs-content":"","ast-featured-img":"","footer-sml-layout":"","ast-disable-related-posts":"","theme-transparent-header-meta":"default","adv-header-id-meta":"","stick-header-meta":"default","header-above-stick-meta":"","header-main-stick-meta":"","header-below-stick-meta":"","astra-migrate-meta-layouts":"set","ast-page-background-enabled":"default","ast-page-background-meta":{"desktop":{"background-color":"var(--ast-global-color-5)","background-image":"","background-repeat":"repeat","background-position":"center center","background-size":"auto","background-attachment":"scroll","background-type":"","background-media":"","overlay-type":"","overlay-color":"","overlay-opacity":"","overlay-gradient":""},"tablet":{"background-color":"","background-image":"","background-repeat":"repeat","background-position":"center center","background-size":"auto","background-attachment":"scroll","background-type":"","background-media":"","overlay-type":"","overlay-color":"","overlay-opacity":"","overlay-gradient":""},"mobile":{"background-color":"","background-image":"","background-repeat":"repeat","background-position":"center center","background-size":"auto","background-attachment":"scroll","background-type":"","background-media":"","overlay-type":"","overlay-color":"","overlay-opacity":"","overlay-gradient":""}},"ast-content-background-meta":{"desktop":{"background-color":"var(--ast-global-color-4)","background-image":"","background-repeat":"repeat","background-position":"center center","background-size":"auto","background-attachment":"scroll","background-type":"","background-media":"","overlay-type":"","overlay-color":"","overlay-opacity":"","overlay-gradient":""},"tablet":{"background-color":"var(--ast-global-color-4)","background-image":"","background-repeat":"repeat","background-position":"center center","background-size":"auto","background-attachment":"scroll","background-type":"","background-media":"","overlay-type":"","overlay-color":"","overlay-opacity":"","overlay-gradient":""},"mobile":{"background-color":"var(--ast-global-color-4)","background-image":"","background-repeat":"repeat","background-position":"center center","background-size":"auto","background-attachment":"scroll","background-type":"","background-media":"","overlay-type":"","overlay-color":"","overlay-opacity":"","overlay-gradient":""}}},"product_brand":[44],"product_cat":[169],"product_tag":[],"class_list":{"0":"post-2744","1":"product","2":"type-product","3":"status-publish","4":"has-post-thumbnail","6":"product_brand-co-test","7":"product_cat-package-offer","8":"desktop-align-left","9":"tablet-align-left","10":"mobile-align-left","11":"ast-product-gallery-layout-horizontal-slider","12":"ast-product-gallery-with-no-image","13":"ast-product-tabs-layout-horizontal","15":"first","16":"instock","17":"sale","18":"taxable","19":"shipping-taxable","20":"purchasable","21":"product-type-simple"},"acf":[],"_links":{"self":[{"href":"https:\/\/mytezt.com\/no\/wp-json\/wp\/v2\/product\/2744","targetHints":{"allow":["GET"]}}],"collection":[{"href":"https:\/\/mytezt.com\/no\/wp-json\/wp\/v2\/product"}],"about":[{"href":"https:\/\/mytezt.com\/no\/wp-json\/wp\/v2\/types\/product"}],"replies":[{"embeddable":true,"href":"https:\/\/mytezt.com\/no\/wp-json\/wp\/v2\/comments?post=2744"}],"wp:featuredmedia":[{"embeddable":true,"href":"https:\/\/mytezt.com\/no\/wp-json\/wp\/v2\/media\/2745"}],"wp:attachment":[{"href":"https:\/\/mytezt.com\/no\/wp-json\/wp\/v2\/media?parent=2744"}],"wp:term":[{"taxonomy":"product_brand","embeddable":true,"href":"https:\/\/mytezt.com\/no\/wp-json\/wp\/v2\/product_brand?post=2744"},{"taxonomy":"product_cat","embeddable":true,"href":"https:\/\/mytezt.com\/no\/wp-json\/wp\/v2\/product_cat?post=2744"},{"taxonomy":"product_tag","embeddable":true,"href":"https:\/\/mytezt.com\/no\/wp-json\/wp\/v2\/product_tag?post=2744"}],"curies":[{"name":"wp","href":"https:\/\/api.w.org\/{rel}","templated":true}]}}